{"id":38,"date":"2018-01-03T17:39:32","date_gmt":"2018-01-03T17:39:32","guid":{"rendered":"http:\/\/192.168.2.102\/wordpress\/?page_id=38"},"modified":"2023-06-02T18:02:52","modified_gmt":"2023-06-02T18:02:52","slug":"outreach","status":"publish","type":"page","link":"https:\/\/esbo-ds.irs.uni-stuttgart.de\/wordpress\/index.php\/outreach\/","title":{"rendered":"Outreach"},"content":{"rendered":"<h4>Videos<\/h4>\n<p>Introduction to balloon-based astronomy and ESBO DS on the Youtube channel &#8220;Astronom\u00eda en Espa\u00f1ol&#8221; (in Spanish): <a href=\"https:\/\/youtu.be\/c6cK3SOPf5M\">https:\/\/youtu.be\/c6cK3SOPf5M<\/a><\/p>\n<p>Video footage of the BUBBLE 1 sounding balloon flight: <a href=\"https:\/\/youtu.be\/fTFmuxAtUhE\">https:\/\/youtu.be\/fTFmuxAtUhE<\/a>\u00a0(Full video: <a href=\"https:\/\/youtu.be\/9VuqkWXxPKQ\">https:\/\/youtu.be\/9VuqkWXxPKQ<\/a>)<\/p>\n<p>Video footage of the BUBBLE 2 sounding balloon flight: <a href=\"https:\/\/youtu.be\/a8CUPK3FvSw\">https:\/\/youtu.be\/a8CUPK3FvSw<\/a> (Complete flight with telemetry)<\/p>\n<p>Explanation of an azimuth control (pointing) system for the BUBBLE sounding balloons using a nano-satellite reaction wheel: <a href=\"https:\/\/youtu.be\/Z2L-yI2g-_M\">https:\/\/youtu.be\/Z2L-yI2g-_M<\/a><\/p>\n<h4>Media Appearances \/ Contributions<\/h4>\n<p>Zeit Online: &#8220;Unbekannte Flugobjekte &#8211; Was fliegt denn da?&#8221; https:\/\/www.zeit.de\/wissen\/2023-02\/unbekannte-flugobjekte-nordamerika-ballons-forschung (expert contribution, in German)<\/p>\n<p>Haus und Grund: &#8220;Bis an den eisigen Rand der Erdatmosph\u00e4re&#8221;. Article about the BUBBLE sounding balloon program. (in German)<\/p>\n<p>Stuttgarter Zeitung \/ Stuttgarter Nachrichten \/ Esslinger Zeitung \/ and others: &#8220;In der Atmosph\u00e4re sind viele Ballons unterwegs&#8221;. Article about scientific ballooning activities at the University of Stuttgart.\u00a0https:\/\/www.stuttgarter-zeitung.de\/inhalt.forschung-an-der-uni-stuttgart-in-der-atmosphaere-sind-viele-ballons-unterwegs.7f88f569-0a24-4c56-8dd5-c3c102b0c293.html (in German)<\/p>\n<p>Wire copy (dpa \/ German Press Agency): &#8220;Das gro\u00dfe Ballon-ABC&#8221; (expert contribution, in German)<\/p>\n<p>Article on the Kick-Off of ESBO DS at the University of Stuttgart: <a href=\"http:\/\/www.irs.uni-stuttgart.de\/news\/news_0152.html?__locale=en\">http:\/\/www.irs.uni-stuttgart.de\/news\/news_0152.html?__locale=en<\/a> (<a href=\"http:\/\/www.irs.uni-stuttgart.de\/news\/news_0152.html\">German version<\/a>)<\/p>\n<p>Article on ESBO DS in the University of Stuttgart&#8217;s research magazine &#8220;Forschung Leben&#8221; (German): <a href=\"https:\/\/www.uni-stuttgart.de\/forschung\/forschung-leben\/per-ballon-in-die-stratosphaere\/\">https:\/\/www.uni-stuttgart.de\/forschung\/forschung-leben\/per-ballon-in-die-stratosphaere\/<\/a><\/p>\n<p>Article on Girl&#8217;s Day 2019 at the University of T\u00fcbingen with ESBO <em>DS<\/em> contribution: <a href=\"https:\/\/uni-tuebingen.de\/de\/143931\">https:\/\/uni-tuebingen.de\/de\/143931<\/a><samp class=\"EmbedCode-container\"><code class=\"EmbedCode-code\"><\/code><\/samp><\/p>\n<h4>Scientific Publications<\/h4>\n<h6>Published<\/h6>\n<p>Hardware qualification for scientific ballooning missions. Advances in Space Research (2022), 2702-2710. https:\/\/doi.org\/10.1016\/j.asr.2022.11.031. <a><img decoding=\"async\" class=\"citavipicker\" style=\"border: 0px none!important; width: 16px!important; height: 16px!important; margin-left: 1px !important; margin-right: 1px !important;\" title=\"Titel anhand dieser DOI in Citavi-Projekt \u00fcbernehmen\" src=\"data:image\/svg+xml;base64,PD94bWwgdmVyc2lvbj0iMS4wIiBlbmNvZGluZz0idXRmLTgiPz48IURPQ1RZUEUgc3ZnIFBVQkxJQyAiLS8vVzNDLy9EVEQgU1ZHIDEuMS8vRU4iICJodHRwOi8vd3d3LnczLm9yZy9HcmFwaGljcy9TVkcvMS4xL0RURC9zdmcxMS5kdGQiPjxzdmcgdmVyc2lvbj0iMS4xIiBpZD0iRWJlbmVfMSIgeG1sbnM9Imh0dHA6Ly93d3cudzMub3JnLzIwMDAvc3ZnIiB4bWxuczp4bGluaz0iaHR0cDovL3d3dy53My5vcmcvMTk5OS94bGluayIgeD0iMHB4IiB5PSIwcHgiIHdpZHRoPSIxNnB4IiBoZWlnaHQ9IjE2cHgiIHZpZXdCb3g9IjAgMCAxNiAxNiIgZW5hYmxlLWJhY2tncm91bmQ9Im5ldyAwIDAgMTYgMTYiIHhtbDpzcGFjZT0icHJlc2VydmUiPjxnPjxnPjxwYXRoIGZpbGw9IiNGRkZGRkYiIGQ9Ik04LjAwMSwxNS41QzMuODY0LDE1LjUsMC41LDEyLjEzNiwwLjUsOGMwLTQuMTM1LDMuMzY1LTcuNSw3LjUwMS03LjVTMTUuNSwzLjg2NCwxNS41LDhTMTIuMTM3LDE1LjUsOC4wMDEsMTUuNXoiLz48cGF0aCBmaWxsPSIjRDUyQjFFIiBkPSJNOC4wMDEsMUMxMS44NiwxLDE1LDQuMTQxLDE1LDhzLTMuMTM5LDctNi45OTksN0M0LjE0LDE1LDEsMTEuODU5LDEsOFM0LjE0LDEsOC4wMDEsMSBNOC4wMDEsMEMzLjU4MiwwLDAsMy41ODIsMCw4czMuNTgyLDgsOC4wMDEsOEMxMi40MTgsMTYsMTYsMTIuNDE4LDE2LDhTMTIuNDE4LDAsOC4wMDEsMEw4LjAwMSwweiIvPjwvZz48cGF0aCBmaWxsPSIjRDUyQjFFIiBkPSJNNi43NDUsMTIuNTg5Yy0wLjIyNywwLjEyMi0wLjQ5NywwLjI0Ny0wLjY4NCwwLjI0N2MtMC4zMTgsMC0wLjUwMS0wLjE2NC0wLjUwMS0wLjQ1MmMwLTAuMjA3LDAuMTQtMC4zNzUsMC41OTUtMC42MjJjMS41NDktMC45MDQsMi41OTQtMi4yNzIsMi41OTQtMy43MjFjMC0wLjgyNS0wLjIyNy0xLjExOS0wLjY4MS0xLjExOWMtMC4xMzUsMC0wLjMyLDAuMjE5LTAuNjM2LDAuMjE5SDcuMTU3QzYuMTAyLDcuMTQzLDUuMzMzLDYuMjY0LDUuMzMzLDUuMjNjMC0xLjE1MiwwLjk1OC0yLjAwNiwyLjI4LTIuMDA2YzEuNzc3LDAsMy4wNTMsMS4zNzMsMy4wNTMsMy40M0MxMC42NjYsOS4yMTUsOS4yMDMsMTEuMjcsNi43NDUsMTIuNTg5Ii8+PC9nPjwvc3ZnPg\" \/><\/a><\/p>\n<p>Development of the modular and flexible payload electronics for the STUDIO balloon astronomy mission within the ESBO initiative. In: Proceedings of the 25th ESA Symposium on European Rocket &amp; Balloon Programmes and related research (2022).<\/p>\n<p>Progress of the development for a bus system for small high altitude balloon experiments. In: Proceedings of the 25th ESA Symposium on European Rocket &amp; Balloon Programmes and related research (2022).<\/p>\n<p>Status, flight preparation, and future instrument opportunities of the STUDIO balloon-borne telescope. Proc. SPIE Conf., Astronomical Telescopes and Instrumentation, 17-22 July 2022. <a href=\"https:\/\/doi.org\/10.1117\/12.2628878\">Paper<\/a>.<\/p>\n<p>A New Operational Concept for Stratospheric Science Payloads: Reusing an Extensible Satellite Framework for Operating Regular Balloon-Based Astronomical Missions. 16th International Conference on Space Operations 2021, virtual. <a href=\"https:\/\/esbo-ds.irs.uni-stuttgart.de\/wordpress\/wp-content\/uploads\/2020\/11\/SpaceOps-2021%2C12%2Cx1480.pdf\">Paper<\/a>.<\/p>\n<p>Status of the STUDIO UV balloon mission and platform. Proc. SPIE Conf., Astronomical Telescopes and Instrumentation, 14-18 December 2020. <a href=\"https:\/\/arxiv.org\/abs\/2012.14215\">Paper<\/a>.<\/p>\n<p>Microchannel-Plate Detector Development for Ultraviolet Missions. Proc. SPIE Conf., Astronomical Telescopes and Instrumentation, 14-18 December 2020. <a href=\"https:\/\/arxiv.org\/abs\/2012.12548\">Paper<\/a>.<\/p>\n<p>Stratospheric balloons as a complement to the next generation of astronomy missions. International Astronautical Congress 2020. Virtual. <a href=\"https:\/\/esbo-ds.irs.uni-stuttgart.de\/wordpress\/wp-content\/uploads\/2020\/11\/IAC-2020_ESBO-DS_2020-10-07.pdf\">Paper<\/a>. <a href=\"https:\/\/esbo-ds.irs.uni-stuttgart.de\/wordpress\/wp-content\/uploads\/2020\/11\/ESBO_DS_IAC-2020_16-9_2020-09-25.pdf\">Presentation<\/a>.<\/p>\n<p>The STUDIO UV astronomy mission: a step towards a European balloon observatory. European Planetary Science Congress 2020. Virtual. <a href=\"https:\/\/esbo-ds.irs.uni-stuttgart.de\/wordpress\/wp-content\/uploads\/2020\/11\/EPSC-poster-09.09.2020.pdf\">Presentation<\/a>.<\/p>\n<p class=\"AbstractTitle\">European Stratospheric Balloon Observatory (ESBO) \u2013 Identification of Planetary Science Applications. European Planetary Science Congress &#8211; Division of Planetary Science Joint Meeting 2019, Geneva, Switzerland. <a href=\"https:\/\/esbo-ds.irs.uni-stuttgart.de\/wordpress\/wp-content\/uploads\/2020\/11\/EPSC-DPS2019-1360-1.pdf\">Extended Abstract<\/a>.<\/p>\n<p>Towards a European Stratospheric Balloon Observatory: the ESBO design study. SPIE Astronomical Telescopes + Instrumentation 2018, Austin, Texas. <a href=\"http:\/\/arxiv.org\/abs\/2111.11068\">Paper<\/a>. <a href=\"https:\/\/esbo-ds.irs.uni-stuttgart.de\/wordpress\/wp-content\/uploads\/2019\/04\/ESBO-DS-Poster-SPIE-2018-v1.0_2018-06-06.pdf\">Poster<\/a>.<\/p>\n<p>Towards a European Stratospheric Balloon Observatory \u2013<br \/>\nPlanetary Science Applications. European Planetary Science Congress 2018, Berlin, Germany. <a href=\"https:\/\/esbo-ds.irs.uni-stuttgart.de\/wordpress\/wp-content\/uploads\/2019\/04\/EPSC2018-1282.pdf\">Extended Abstract<\/a>. <a href=\"https:\/\/esbo-ds.irs.uni-stuttgart.de\/wordpress\/wp-content\/uploads\/2019\/04\/ESBO_DS_EPSC2018_tmueller.pdf\">Presentation<\/a>.<\/p>\n<p>Stratospheric balloons as a platform for the next large far infrared observatory. International Astronautical Congress 2018, Bremen, Germany. <a href=\"https:\/\/esbo-ds.irs.uni-stuttgart.de\/wordpress\/wp-content\/uploads\/2020\/11\/IAC-2018_ESBO-DS%202018-09-17.pdf\">Paper<\/a>. <a href=\"https:\/\/esbo-ds.irs.uni-stuttgart.de\/wordpress\/wp-content\/uploads\/2019\/04\/ESBO_DS_IAC-2018_2018-10-03_3.pdf\">Presentation<\/a>.<\/p>\n<h6>Meeting Contributions<\/h6>\n<p>Pointing and Image Stabilization for the STUDIO UV telescope. 2023 Scientific Ballooning Technologies Workshop.<\/p>\n<p>Participation in a panel on &#8220;Balloon Mission and Multi-Purpose Payloads&#8221;. 2023 Scientific Balloonig Technologies Workshop.<\/p>\n<p>Development of an extensible and flexible flight software for the European Stratospheric Balloon Observatory. 25th ESA Symposium on European Rocket and Balloon programmes and related research, 01-05 May 2022, Biarritz, France.<\/p>\n<p>Status of the ESBO initiative and its first platform &#8220;STUDIO&#8221;. 25th ESA Symposium on European Rocket and Balloon programmes and related research, 01-05 May 2022, Biarritz, France.<\/p>\n<p>Potential of Balloon-Based Observatories for Astronomical Instruments. <a href=\"https:\/\/conference.dsi.uni-stuttgart.de\/event\/15\/\">The Future of Airborne Infrared\/Submm Astronomy: Instrument Solutions<\/a>, virtual. <a href=\"https:\/\/dsioc.dsi.uni-stuttgart.de\/index.php\/s\/FwoFxw3MEgk5Wq5?dir=undefined&amp;openfile=1850202\">Presentation<\/a>.<\/p>\n<p>The European Stratospheric Balloon Observatory, its First Mission STUDIO and STUDIO&#8217;s Software Architecture. <a href=\"https:\/\/balloontech.umn.edu\/home\">2021 Scientific Ballooning Technologies Workshop<\/a>, virtual. <a href=\"https:\/\/www.google.com\/url?q=https:\/\/www.dropbox.com\/s\/dplg53mvozktela\/Mahsa%2520Taheran%2520-%2520The%2520European%2520Stratospheric%2520Balloon%2520Observatory-Taheran.pptx?dl%3D0&amp;sa=D&amp;source=editors&amp;ust=1637572573016000&amp;usg=AOvVaw0uiJ1l6Q6VppnXmv0_yF3e\">Presentation<\/a>.<\/p>\n<p>The STUDIO payload electronics within the ESBO initiative. <a href=\"https:\/\/balloontech.umn.edu\/home\">2021 Scientific Ballooning Technologies Workshop<\/a>, virtual. <a href=\"https:\/\/www.google.com\/url?q=https:\/\/www.dropbox.com\/s\/k55m6drgh06hkap\/Andreas%2520Pahler%2520-%2520Andreas_Pahler_Presentation.pdf?dl%3D0&amp;sa=D&amp;source=editors&amp;ust=1637572573024000&amp;usg=AOvVaw3oitp_-sfMuy8BgQmT-dSM\">Presentation<\/a>.<\/p>\n<p>The STUDIO UV astronomy mission &#8211; a step towards a European balloon observatory. 43rd COSPAR Scientific Assembly, Sydney, Australia\/virtual. <a href=\"https:\/\/esbo-ds.irs.uni-stuttgart.de\/wordpress\/wp-content\/uploads\/2020\/11\/ESBO_DS_COSPAR2020_2020-12-31.pdf\">Presentation<\/a>.<\/p>\n<p>Why (and how to) do astronomy from balloons? Contribution to the &#8220;<a href=\"https:\/\/conference.dsi.uni-stuttgart.de\/event\/2\/page\/50-future-astronomical-opportunities-in-stratosphere-and-space\">Future Astronomical Opportunities in Stratosphere and Space<\/a>&#8221; splinter meeting at the 2019 Annual Meeting of the German Astronomical Society. <a href=\"https:\/\/esbo-ds.irs.uni-stuttgart.de\/wordpress\/wp-content\/uploads\/2020\/11\/Pres_Why-Astronomy-from-Balloons.pdf\">Presentation<\/a>.<\/p>\n<p>Ultraviolet Detector Development and Application. Contribution to the &#8220;<a href=\"https:\/\/conference.dsi.uni-stuttgart.de\/event\/2\/page\/50-future-astronomical-opportunities-in-stratosphere-and-space\">Future Astronomical Opportunities in Stratosphere and Space<\/a>&#8221; splinter meeting at the 2019 Annual Meeting of the German Astronomical Society. <a href=\"https:\/\/conference.dsi.uni-stuttgart.de\/event\/2\/attachments\/21\/32\/AG_Tagung_2019_Hanke.pdf\">Presentation<\/a>.<\/p>\n<p>STUDIO: a first step towards a stratospheric balloon observatory. 24th ESA Symposium on European Rocket and Balloon programmes and related research, 16-20 June 2019, Essen, Germany. <a href=\"https:\/\/esbo-ds.irs.uni-stuttgart.de\/wordpress\/wp-content\/uploads\/2020\/11\/STUDIO_PACSymposium_-Poster_v4.pdf\">Poster<\/a>.<\/p>\n<p>What about a joint astronomical balloon observatory? Presentation at the 24th ESA Symposium on European Rocket and Balloon programmes and related research, 16-20 June 2019, Essen, Germany. <a href=\"https:\/\/esbo-ds.irs.uni-stuttgart.de\/wordpress\/wp-content\/uploads\/2020\/11\/ESBO_DS_PAC-Symposium-16-9_2019-06-07.pdf\">Presentation<\/a>.<\/p>\n<p>Presentation at RIA SpaceTec Meeting &#8220;<a href=\"https:\/\/spacetec.cab.inta-csic.es\/svoMeetings\/index.php?mid=24&amp;action=page&amp;pagename=Workshop2018\/Program\">Instrumentaci\u00f3n astron\u00f3mica en Espa\u00f1a<\/a>&#8220;, 3-5 October 2018, Madrid, Spain.<\/p>\n","protected":false},"excerpt":{"rendered":"<p>Videos Introduction to balloon-based astronomy and ESBO DS on the Youtube channel &#8220;Astronom\u00eda en Espa\u00f1ol&#8221; (in Spanish): https:\/\/youtu.be\/c6cK3SOPf5M Video footage of the BUBBLE 1 sounding balloon flight: https:\/\/youtu.be\/fTFmuxAtUhE\u00a0(Full video: https:\/\/youtu.be\/9VuqkWXxPKQ) Video footage of the BUBBLE 2 sounding balloon flight: https:\/\/youtu.be\/a8CUPK3FvSw (Complete flight with telemetry) Explanation of an azimuth control (pointing) system for the BUBBLE sounding [&hellip;]<\/p>\n","protected":false},"author":1,"featured_media":0,"parent":0,"menu_order":3,"comment_status":"closed","ping_status":"closed","template":"","meta":{"footnotes":""},"class_list":["post-38","page","type-page","status-publish","hentry","post"],"_links":{"self":[{"href":"https:\/\/esbo-ds.irs.uni-stuttgart.de\/wordpress\/index.php\/wp-json\/wp\/v2\/pages\/38","targetHints":{"allow":["GET"]}}],"collection":[{"href":"https:\/\/esbo-ds.irs.uni-stuttgart.de\/wordpress\/index.php\/wp-json\/wp\/v2\/pages"}],"about":[{"href":"https:\/\/esbo-ds.irs.uni-stuttgart.de\/wordpress\/index.php\/wp-json\/wp\/v2\/types\/page"}],"author":[{"embeddable":true,"href":"https:\/\/esbo-ds.irs.uni-stuttgart.de\/wordpress\/index.php\/wp-json\/wp\/v2\/users\/1"}],"replies":[{"embeddable":true,"href":"https:\/\/esbo-ds.irs.uni-stuttgart.de\/wordpress\/index.php\/wp-json\/wp\/v2\/comments?post=38"}],"version-history":[{"count":25,"href":"https:\/\/esbo-ds.irs.uni-stuttgart.de\/wordpress\/index.php\/wp-json\/wp\/v2\/pages\/38\/revisions"}],"predecessor-version":[{"id":340,"href":"https:\/\/esbo-ds.irs.uni-stuttgart.de\/wordpress\/index.php\/wp-json\/wp\/v2\/pages\/38\/revisions\/340"}],"wp:attachment":[{"href":"https:\/\/esbo-ds.irs.uni-stuttgart.de\/wordpress\/index.php\/wp-json\/wp\/v2\/media?parent=38"}],"curies":[{"name":"wp","href":"https:\/\/api.w.org\/{rel}","templated":true}]}}